{"id":294,"date":"2021-04-06T14:38:01","date_gmt":"2021-04-06T14:38:01","guid":{"rendered":"http:\/\/coelner-zimmer.rehfeld-art-projects.de\/?page_id=294"},"modified":"2025-01-28T08:39:30","modified_gmt":"2025-01-28T08:39:30","slug":"ueber-uns","status":"publish","type":"page","link":"https:\/\/coelner-zimmer.de\/en\/ueber-uns\/","title":{"rendered":"about"},"content":{"rendered":"<div data-elementor-type=\"wp-page\" data-elementor-id=\"294\" class=\"elementor elementor-294\" data-elementor-post-type=\"page\">\n\t\t\t\t\t\t<section class=\"elementor-section elementor-top-section elementor-element elementor-element-9834b33 elementor-section-boxed elementor-section-height-default elementor-section-height-default\" data-id=\"9834b33\" data-element_type=\"section\" data-e-type=\"section\">\n\t\t\t\t\t\t<div class=\"elementor-container elementor-column-gap-default\">\n\t\t\t\t\t<div class=\"elementor-column elementor-col-50 elementor-top-column elementor-element elementor-element-d0ff9a4\" data-id=\"d0ff9a4\" data-element_type=\"column\" data-e-type=\"column\">\n\t\t\t<div class=\"elementor-widget-wrap elementor-element-populated\">\n\t\t\t\t\t\t<div class=\"elementor-element elementor-element-562d0ef elementor-invisible elementor-widget elementor-widget-heading\" data-id=\"562d0ef\" data-element_type=\"widget\" data-e-type=\"widget\" data-settings=\"{&quot;_animation&quot;:&quot;fadeInLeft&quot;}\" data-widget_type=\"heading.default\">\n\t\t\t\t<div class=\"elementor-widget-container\">\n\t\t\t\t\t<h1 class=\"elementor-heading-title elementor-size-default\">about<\/h1>\t\t\t\t<\/div>\n\t\t\t\t<\/div>\n\t\t\t\t\t<\/div>\n\t\t<\/div>\n\t\t\t\t<div class=\"elementor-column elementor-col-50 elementor-top-column elementor-element elementor-element-551b811\" data-id=\"551b811\" data-element_type=\"column\" data-e-type=\"column\">\n\t\t\t<div class=\"elementor-widget-wrap elementor-element-populated\">\n\t\t\t\t\t\t<div class=\"elementor-element elementor-element-ad9ea25 elementor-widget elementor-widget-heading\" data-id=\"ad9ea25\" data-element_type=\"widget\" data-e-type=\"widget\" data-widget_type=\"heading.default\">\n\t\t\t\t<div class=\"elementor-widget-container\">\n\t\t\t\t\t<h2 class=\"elementor-heading-title elementor-size-default\">Coelner Zimmer<\/h2>\t\t\t\t<\/div>\n\t\t\t\t<\/div>\n\t\t\t\t<div class=\"elementor-element elementor-element-ef3ec85 elementor-widget elementor-widget-text-editor\" data-id=\"ef3ec85\" data-element_type=\"widget\" data-e-type=\"widget\" data-widget_type=\"text-editor.default\">\n\t\t\t\t<div class=\"elementor-widget-container\">\n\t\t\t\t\t\t\t\t\t<p>Das Coelner Zimmer ist eine von Rainer Rehfeld gegr\u00fcndete Kunstgalerie in D\u00fcsseldorf. Der Fokus der Ausstellungen liegt dabei im Bereich der Medienkunst.<\/p>\n<p>In addition to the presentation of established positions, a major concern of the gallery is the promotion and support of innovative and up-and-coming young artists in the fields of new media, installation, photography and video\/computer art. Accordingly, the gallery cooperates with students of the Academy of Media Arts in Cologne and the Kunstakademie D\u00fcsseldorf.  Furthermore, the gallery participates in annually recurring festival formats such as die Digitale; Duesseldorf Photo Weekend, etc.<\/p>\n<p>The Coelner Zimmer welcomes written portfolio presentations from emerging artists with an academic background. The gallery is supported in the review process by the expertise of renowned art historians.<\/p>\n<p><br><\/p>\t\t\t\t\t\t\t\t<\/div>\n\t\t\t\t<\/div>\n\t\t\t\t\t<\/div>\n\t\t<\/div>\n\t\t\t\t\t<\/div>\n\t\t<\/section>\n\t\t\t\t<\/div>","protected":false},"excerpt":{"rendered":"<p>Coelner Zimmer Das Coelner Zimmer ist eine von Rainer Rehfeld gegr\u00fcndete Kunstgalerie in D\u00fcsseldorf. Der Fokus der Ausstellungen liegt dabei im Bereich der Medienkunst. Neben der Pr\u00e4sentation etablierter Positionen, ist ein gro\u00dfes Anliegen der Galerie, die F\u00f6rderung und Unterst\u00fctzung innovativer und aufstrebender Nachwuchsk\u00fcnstler*innen aus den Bereichen Neue Medien, Installation, Fotografie und Video\/Computerkunst. Dementsprechend gibt es [&hellip;]<\/p>\n","protected":false},"author":5,"featured_media":0,"parent":0,"menu_order":0,"comment_status":"closed","ping_status":"closed","template":"elementor_header_footer","meta":{"footnotes":""},"class_list":["post-294","page","type-page","status-publish","hentry"],"yoast_head":"<!-- This site is optimized with the Yoast SEO plugin v26.9 - https:\/\/yoast.com\/product\/yoast-seo-wordpress\/ -->\n<title>\u00dcber uns | coelner zimmer<\/title>\n<meta name=\"robots\" content=\"index, follow, max-snippet:-1, max-image-preview:large, max-video-preview:-1\" \/>\n<link rel=\"canonical\" href=\"https:\/\/coelner-zimmer.de\/en\/ueber-uns\/\" \/>\n<meta property=\"og:locale\" content=\"en_US\" \/>\n<meta property=\"og:type\" content=\"article\" \/>\n<meta property=\"og:title\" content=\"\u00dcber uns | coelner zimmer\" \/>\n<meta property=\"og:description\" content=\"Coelner Zimmer Das Coelner Zimmer ist eine von Rainer Rehfeld gegr\u00fcndete Kunstgalerie in D\u00fcsseldorf. Der Fokus der Ausstellungen liegt dabei im Bereich der Medienkunst. Neben der Pr\u00e4sentation etablierter Positionen, ist ein gro\u00dfes Anliegen der Galerie, die F\u00f6rderung und Unterst\u00fctzung innovativer und aufstrebender Nachwuchsk\u00fcnstler*innen aus den Bereichen Neue Medien, Installation, Fotografie und Video\/Computerkunst. Dementsprechend gibt es [&hellip;]\" \/>\n<meta property=\"og:url\" content=\"https:\/\/coelner-zimmer.de\/en\/ueber-uns\/\" \/>\n<meta property=\"og:site_name\" content=\"coelner zimmer\" \/>\n<meta property=\"article:publisher\" content=\"https:\/\/www.facebook.com\/coelner.zimmer\" \/>\n<meta property=\"article:modified_time\" content=\"2025-01-28T08:39:30+00:00\" \/>\n<meta name=\"twitter:card\" content=\"summary_large_image\" \/>\n<meta name=\"twitter:label1\" content=\"Est. reading time\" \/>\n\t<meta name=\"twitter:data1\" content=\"1 minute\" \/>\n<script type=\"application\/ld+json\" class=\"yoast-schema-graph\">{\"@context\":\"https:\/\/schema.org\",\"@graph\":[{\"@type\":\"WebPage\",\"@id\":\"https:\/\/coelner-zimmer.de\/ueber-uns\/\",\"url\":\"https:\/\/coelner-zimmer.de\/ueber-uns\/\",\"name\":\"\u00dcber uns | coelner zimmer\",\"isPartOf\":{\"@id\":\"https:\/\/coelner-zimmer.de\/#website\"},\"datePublished\":\"2021-04-06T14:38:01+00:00\",\"dateModified\":\"2025-01-28T08:39:30+00:00\",\"breadcrumb\":{\"@id\":\"https:\/\/coelner-zimmer.de\/ueber-uns\/#breadcrumb\"},\"inLanguage\":\"en-US\",\"potentialAction\":[{\"@type\":\"ReadAction\",\"target\":[\"https:\/\/coelner-zimmer.de\/ueber-uns\/\"]}]},{\"@type\":\"BreadcrumbList\",\"@id\":\"https:\/\/coelner-zimmer.de\/ueber-uns\/#breadcrumb\",\"itemListElement\":[{\"@type\":\"ListItem\",\"position\":1,\"name\":\"Startseite\",\"item\":\"https:\/\/coelner-zimmer.de\/\"},{\"@type\":\"ListItem\",\"position\":2,\"name\":\"\u00dcber uns\"}]},{\"@type\":\"WebSite\",\"@id\":\"https:\/\/coelner-zimmer.de\/#website\",\"url\":\"https:\/\/coelner-zimmer.de\/\",\"name\":\"coelner zimmer\",\"description\":\"shows &amp; exhibitions\",\"publisher\":{\"@id\":\"https:\/\/coelner-zimmer.de\/#organization\"},\"potentialAction\":[{\"@type\":\"SearchAction\",\"target\":{\"@type\":\"EntryPoint\",\"urlTemplate\":\"https:\/\/coelner-zimmer.de\/?s={search_term_string}\"},\"query-input\":{\"@type\":\"PropertyValueSpecification\",\"valueRequired\":true,\"valueName\":\"search_term_string\"}}],\"inLanguage\":\"en-US\"},{\"@type\":\"Organization\",\"@id\":\"https:\/\/coelner-zimmer.de\/#organization\",\"name\":\"Coelner Zimmer\",\"url\":\"https:\/\/coelner-zimmer.de\/\",\"logo\":{\"@type\":\"ImageObject\",\"inLanguage\":\"en-US\",\"@id\":\"https:\/\/coelner-zimmer.de\/#\/schema\/logo\/image\/\",\"url\":\"https:\/\/coelner-zimmer.de\/wp-content\/uploads\/2021\/05\/Coelner-Zimmer_logo.png\",\"contentUrl\":\"https:\/\/coelner-zimmer.de\/wp-content\/uploads\/2021\/05\/Coelner-Zimmer_logo.png\",\"width\":1000,\"height\":98,\"caption\":\"Coelner Zimmer\"},\"image\":{\"@id\":\"https:\/\/coelner-zimmer.de\/#\/schema\/logo\/image\/\"},\"sameAs\":[\"https:\/\/www.facebook.com\/coelner.zimmer\",\"https:\/\/www.instagram.com\/coelner_zimmer\/\"]}]}<\/script>\n<!-- \/ Yoast SEO plugin. -->","yoast_head_json":{"title":"\u00dcber uns | coelner zimmer","robots":{"index":"index","follow":"follow","max-snippet":"max-snippet:-1","max-image-preview":"max-image-preview:large","max-video-preview":"max-video-preview:-1"},"canonical":"https:\/\/coelner-zimmer.de\/en\/ueber-uns\/","og_locale":"en_US","og_type":"article","og_title":"\u00dcber uns | coelner zimmer","og_description":"Coelner Zimmer Das Coelner Zimmer ist eine von Rainer Rehfeld gegr\u00fcndete Kunstgalerie in D\u00fcsseldorf. Der Fokus der Ausstellungen liegt dabei im Bereich der Medienkunst. Neben der Pr\u00e4sentation etablierter Positionen, ist ein gro\u00dfes Anliegen der Galerie, die F\u00f6rderung und Unterst\u00fctzung innovativer und aufstrebender Nachwuchsk\u00fcnstler*innen aus den Bereichen Neue Medien, Installation, Fotografie und Video\/Computerkunst. Dementsprechend gibt es [&hellip;]","og_url":"https:\/\/coelner-zimmer.de\/en\/ueber-uns\/","og_site_name":"coelner zimmer","article_publisher":"https:\/\/www.facebook.com\/coelner.zimmer","article_modified_time":"2025-01-28T08:39:30+00:00","twitter_card":"summary_large_image","twitter_misc":{"Est. reading time":"1 minute"},"schema":{"@context":"https:\/\/schema.org","@graph":[{"@type":"WebPage","@id":"https:\/\/coelner-zimmer.de\/ueber-uns\/","url":"https:\/\/coelner-zimmer.de\/ueber-uns\/","name":"\u00dcber uns | coelner zimmer","isPartOf":{"@id":"https:\/\/coelner-zimmer.de\/#website"},"datePublished":"2021-04-06T14:38:01+00:00","dateModified":"2025-01-28T08:39:30+00:00","breadcrumb":{"@id":"https:\/\/coelner-zimmer.de\/ueber-uns\/#breadcrumb"},"inLanguage":"en-US","potentialAction":[{"@type":"ReadAction","target":["https:\/\/coelner-zimmer.de\/ueber-uns\/"]}]},{"@type":"BreadcrumbList","@id":"https:\/\/coelner-zimmer.de\/ueber-uns\/#breadcrumb","itemListElement":[{"@type":"ListItem","position":1,"name":"Startseite","item":"https:\/\/coelner-zimmer.de\/"},{"@type":"ListItem","position":2,"name":"\u00dcber uns"}]},{"@type":"WebSite","@id":"https:\/\/coelner-zimmer.de\/#website","url":"https:\/\/coelner-zimmer.de\/","name":"coelner zimmer","description":"shows &amp; exhibitions","publisher":{"@id":"https:\/\/coelner-zimmer.de\/#organization"},"potentialAction":[{"@type":"SearchAction","target":{"@type":"EntryPoint","urlTemplate":"https:\/\/coelner-zimmer.de\/?s={search_term_string}"},"query-input":{"@type":"PropertyValueSpecification","valueRequired":true,"valueName":"search_term_string"}}],"inLanguage":"en-US"},{"@type":"Organization","@id":"https:\/\/coelner-zimmer.de\/#organization","name":"Coelner Zimmer","url":"https:\/\/coelner-zimmer.de\/","logo":{"@type":"ImageObject","inLanguage":"en-US","@id":"https:\/\/coelner-zimmer.de\/#\/schema\/logo\/image\/","url":"https:\/\/coelner-zimmer.de\/wp-content\/uploads\/2021\/05\/Coelner-Zimmer_logo.png","contentUrl":"https:\/\/coelner-zimmer.de\/wp-content\/uploads\/2021\/05\/Coelner-Zimmer_logo.png","width":1000,"height":98,"caption":"Coelner Zimmer"},"image":{"@id":"https:\/\/coelner-zimmer.de\/#\/schema\/logo\/image\/"},"sameAs":["https:\/\/www.facebook.com\/coelner.zimmer","https:\/\/www.instagram.com\/coelner_zimmer\/"]}]}},"_links":{"self":[{"href":"https:\/\/coelner-zimmer.de\/en\/wp-json\/wp\/v2\/pages\/294","targetHints":{"allow":["GET"]}}],"collection":[{"href":"https:\/\/coelner-zimmer.de\/en\/wp-json\/wp\/v2\/pages"}],"about":[{"href":"https:\/\/coelner-zimmer.de\/en\/wp-json\/wp\/v2\/types\/page"}],"author":[{"embeddable":true,"href":"https:\/\/coelner-zimmer.de\/en\/wp-json\/wp\/v2\/users\/5"}],"replies":[{"embeddable":true,"href":"https:\/\/coelner-zimmer.de\/en\/wp-json\/wp\/v2\/comments?post=294"}],"version-history":[{"count":44,"href":"https:\/\/coelner-zimmer.de\/en\/wp-json\/wp\/v2\/pages\/294\/revisions"}],"predecessor-version":[{"id":2670,"href":"https:\/\/coelner-zimmer.de\/en\/wp-json\/wp\/v2\/pages\/294\/revisions\/2670"}],"wp:attachment":[{"href":"https:\/\/coelner-zimmer.de\/en\/wp-json\/wp\/v2\/media?parent=294"}],"curies":[{"name":"wp","href":"https:\/\/api.w.org\/{rel}","templated":true}]}}